{"id":74,"date":"2017-06-07T06:33:45","date_gmt":"2017-06-07T06:33:45","guid":{"rendered":"http:\/\/wordpresstheme.net\/dump\/?page_id=74"},"modified":"2021-02-04T18:13:35","modified_gmt":"2021-02-04T18:13:35","slug":"contacto","status":"publish","type":"page","link":"https:\/\/lopezaso.com\/web\/contacto\/","title":{"rendered":"Contacto"},"content":{"rendered":"<p>[vc_row full_width=&#8221;stretch_row&#8221; css=&#8221;.vc_custom_1497438137133{margin-top: 0px !important;margin-bottom: 0px !important;padding-top: 70px !important;padding-bottom: 30px !important;background-color: #ffffff !important;}&#8221;][vc_column css=&#8221;.vc_custom_1496743058962{padding-top: 0px !important;padding-bottom: 0px !important;}&#8221;][vc_custom_heading text=&#8221;Cont\u00e1ctanos para una consulta&#8221; font_container=&#8221;tag:h1|text_align:center&#8221; use_theme_fonts=&#8221;yes&#8221; css=&#8221;.vc_custom_1601649135014{margin-top: 0px !important;margin-bottom: 20px !important;}&#8221;][vc_single_image image=&#8221;1323&#8243; img_size=&#8221;full&#8221; alignment=&#8221;center&#8221; css=&#8221;.vc_custom_1513160135844{margin-top: 0px !important;margin-bottom: 0px !important;padding-top: 0px !important;padding-bottom: 0px !important;}&#8221;][vc_column_text css=&#8221;.vc_custom_1601649061721{margin-top: 0px !important;margin-bottom: 70px !important;}&#8221; el_class=&#8221;home-welcome-text&#8221;]<\/p>\n<pre id=\"tw-target-text\" class=\"tw-data-text tw-text-large XcVN5d tw-ta\" dir=\"ltr\" data-placeholder=\"Traducci\u00f3n\"><span lang=\"es\">Proporcione su informaci\u00f3n y sus preguntas a continuaci\u00f3n. Nos comunicaremos contigo el mismo d\u00eda. Si necesita inmediato\r\nayuda, llame al (591) 750 15 3 17. Todas las consultas son confidenciales<\/span><\/pre>\n<p>[\/vc_column_text][vc_row_inner equal_height=&#8221;yes&#8221; content_placement=&#8221;top&#8221; css=&#8221;.vc_custom_1497438049964{margin-top: 0px !important;margin-right: -20px !important;margin-bottom: 0px !important;margin-left: -20px !important;}&#8221;][vc_column_inner width=&#8221;1\/3&#8243; css=&#8221;.vc_custom_1497438167304{margin-top: 0px !important;margin-bottom: 40px !important;border-top-width: 0px !important;border-right-width: 1px !important;border-bottom-width: 0px !important;border-left-width: 0px !important;padding-top: 0px !important;padding-right: 40px !important;padding-bottom: 0px !important;padding-left: 40px !important;border-left-color: #e3e3e3 !important;border-left-style: solid !important;border-right-color: #e3e3e3 !important;border-right-style: solid !important;border-top-color: #e3e3e3 !important;border-top-style: solid !important;border-bottom-color: #e3e3e3 !important;border-bottom-style: solid !important;}&#8221;][vc_custom_heading text=&#8221;We Will Here For You!&#8221; font_container=&#8221;tag:h3|text_align:left&#8221; use_theme_fonts=&#8221;yes&#8221; css=&#8221;.vc_custom_1513160199695{margin-top: 0px !important;margin-bottom: 25px !important;}&#8221;][vc_column_text el_class=&#8221;home-welcome-text&#8221; css=&#8221;.vc_custom_1601648920023{margin-top: 0px !important;margin-bottom: 0px !important;}&#8221;]<\/p>\n<ul class=\"contact\">\n<li class=\"address\"><strong>Direccion :<\/strong>\u00a0 Calle Libertad 899 Edificio Plaza Libertad Oficina 229<\/li>\n<li class=\"phone\"><strong>Telefonos :<\/strong> (591)-3-3453850\u00a0 Cel. (591)-75015317<\/li>\n<li class=\"email\"><strong>Correo:<\/strong> contacto@lopezaso.com<\/li>\n<li class=\"timing\"><strong>Horario :<\/strong> Lunes a Sabado &#8211; 9:00am to 6:00pm<\/li>\n<\/ul>\n<p>[\/vc_column_text][\/vc_column_inner][vc_column_inner width=&#8221;2\/3&#8243; css=&#8221;.vc_custom_1497438038341{margin-top: 0px !important;margin-bottom: 40px !important;padding-top: 0px !important;padding-right: 40px !important;padding-bottom: 0px !important;padding-left: 40px !important;}&#8221;][vc_custom_heading text=&#8221;Solicita una Consulta&#8221; font_container=&#8221;tag:h3|text_align:left&#8221; use_theme_fonts=&#8221;yes&#8221; css=&#8221;.vc_custom_1601648965577{margin-top: 0px !important;margin-bottom: 30px !important;}&#8221;]<div role=\"form\" class=\"wpcf7\" id=\"wpcf7-f1641-o1\" lang=\"es-ES\" dir=\"ltr\">\n<div class=\"screen-reader-response\"><p role=\"status\" aria-live=\"polite\" aria-atomic=\"true\"><\/p> <ul><\/ul><\/div>\n<form action=\"\/web\/wp-json\/wp\/v2\/pages\/74#wpcf7-f1641-o1\" method=\"post\" class=\"wpcf7-form init\" novalidate=\"novalidate\" data-status=\"init\">\n<div style=\"display: none;\">\n<input type=\"hidden\" name=\"_wpcf7\" value=\"1641\" \/>\n<input type=\"hidden\" name=\"_wpcf7_version\" value=\"5.3.2\" \/>\n<input type=\"hidden\" name=\"_wpcf7_locale\" value=\"es_ES\" \/>\n<input type=\"hidden\" name=\"_wpcf7_unit_tag\" value=\"wpcf7-f1641-o1\" \/>\n<input type=\"hidden\" name=\"_wpcf7_container_post\" value=\"0\" \/>\n<input type=\"hidden\" name=\"_wpcf7_posted_data_hash\" value=\"\" \/>\n<\/div>\n<p><label> Tu nombre<br \/>\n    <span class=\"wpcf7-form-control-wrap your-name\"><input type=\"text\" name=\"your-name\" value=\"\" size=\"40\" class=\"wpcf7-form-control wpcf7-text wpcf7-validates-as-required\" aria-required=\"true\" aria-invalid=\"false\" \/><\/span> <\/label><\/p>\n<p><label> Tu correo electr\u00f3nico<br \/>\n    <span class=\"wpcf7-form-control-wrap your-email\"><input type=\"email\" name=\"your-email\" value=\"\" size=\"40\" class=\"wpcf7-form-control wpcf7-text wpcf7-email wpcf7-validates-as-required wpcf7-validates-as-email\" aria-required=\"true\" aria-invalid=\"false\" \/><\/span> <\/label><\/p>\n<p><label> Asunto<br \/>\n    <span class=\"wpcf7-form-control-wrap your-subject\"><input type=\"text\" name=\"your-subject\" value=\"\" size=\"40\" class=\"wpcf7-form-control wpcf7-text wpcf7-validates-as-required\" aria-required=\"true\" aria-invalid=\"false\" \/><\/span> <\/label><\/p>\n<p><label> Tu mensaje (opcional)<br \/>\n    <span class=\"wpcf7-form-control-wrap your-message\"><textarea name=\"your-message\" cols=\"40\" rows=\"10\" class=\"wpcf7-form-control wpcf7-textarea\" aria-invalid=\"false\"><\/textarea><\/span> <\/label><\/p>\n<p><input type=\"submit\" value=\"Enviar\" class=\"wpcf7-form-control wpcf7-submit\" \/><\/p>\n<div class=\"wpcf7-response-output\" aria-hidden=\"true\"><\/div><\/form><\/div>[\/vc_column_inner][\/vc_row_inner][\/vc_column][\/vc_row][vc_row full_width=&#8221;stretch_row_content_no_spaces&#8221; css=&#8221;.vc_custom_1497437654541{margin-top: 0px !important;margin-bottom: 0px !important;padding-top: 0px !important;padding-bottom: 0px !important;}&#8221;][vc_column css=&#8221;.vc_custom_1497437660677{padding-top: 0px !important;padding-bottom: 0px !important;}&#8221;][\/vc_column][\/vc_row]<\/p>\n","protected":false},"excerpt":{"rendered":"<p>[vc_row full_width=&#8221;stretch_row&#8221; css=&#8221;.vc_custom_1497438137133{margin-top: 0px !important;margin-bottom: 0px !important;padding-top: 70px !important;padding-bottom: 30px !important;background-color: #ffffff !important;}&#8221;][vc_column css=&#8221;.vc_custom_1496743058962{padding-top: 0px !important;padding-bottom: 0px !important;}&#8221;][vc_custom_heading text=&#8221;Cont\u00e1ctanos para una consulta&#8221; font_container=&#8221;tag:h1|text_align:center&#8221; use_theme_fonts=&#8221;yes&#8221; css=&#8221;.vc_custom_1601649135014{margin-top: 0px !important;margin-bottom: 20px !important;}&#8221;][vc_single_image image=&#8221;1323&#8243; img_size=&#8221;full&#8221; alignment=&#8221;center&#8221; css=&#8221;.vc_custom_1513160135844{margin-top: 0px !important;margin-bottom: 0px !important;padding-top: 0px !important;padding-bottom: 0px !important;}&#8221;][vc_column_text css=&#8221;.vc_custom_1601649061721{margin-top: 0px !important;margin-bottom: 70px !important;}&#8221; el_class=&#8221;home-welcome-text&#8221;] Proporcione su informaci\u00f3n y sus preguntas a continuaci\u00f3n. [&hellip;]<\/p>\n","protected":false},"author":1,"featured_media":248,"parent":0,"menu_order":0,"comment_status":"closed","ping_status":"closed","template":"","meta":[],"_links":{"self":[{"href":"https:\/\/lopezaso.com\/web\/wp-json\/wp\/v2\/pages\/74"}],"collection":[{"href":"https:\/\/lopezaso.com\/web\/wp-json\/wp\/v2\/pages"}],"about":[{"href":"https:\/\/lopezaso.com\/web\/wp-json\/wp\/v2\/types\/page"}],"author":[{"embeddable":true,"href":"https:\/\/lopezaso.com\/web\/wp-json\/wp\/v2\/users\/1"}],"replies":[{"embeddable":true,"href":"https:\/\/lopezaso.com\/web\/wp-json\/wp\/v2\/comments?post=74"}],"version-history":[{"count":5,"href":"https:\/\/lopezaso.com\/web\/wp-json\/wp\/v2\/pages\/74\/revisions"}],"predecessor-version":[{"id":1711,"href":"https:\/\/lopezaso.com\/web\/wp-json\/wp\/v2\/pages\/74\/revisions\/1711"}],"wp:featuredmedia":[{"embeddable":true,"href":"https:\/\/lopezaso.com\/web\/wp-json\/wp\/v2\/media\/248"}],"wp:attachment":[{"href":"https:\/\/lopezaso.com\/web\/wp-json\/wp\/v2\/media?parent=74"}],"curies":[{"name":"wp","href":"https:\/\/api.w.org\/{rel}","templated":true}]}}