{"id":70,"date":"2017-06-07T06:33:10","date_gmt":"2017-06-07T06:33:10","guid":{"rendered":"http:\/\/wordpresstheme.net\/dump\/?page_id=70"},"modified":"2020-10-08T18:42:36","modified_gmt":"2020-10-08T18:42:36","slug":"quienes-somos","status":"publish","type":"page","link":"https:\/\/lopezaso.com\/web\/quienes-somos\/","title":{"rendered":"Qui\u00e9nes Somos"},"content":{"rendered":"<p>[vc_row full_width=&#8221;stretch_row&#8221; css=&#8221;.vc_custom_1499322539141{margin-top: 0px !important;margin-bottom: 0px !important;padding-top: 70px !important;padding-bottom: 80px !important;background-color: #ffffff !important;}&#8221;][vc_column css=&#8221;.vc_custom_1496743058962{padding-top: 0px !important;padding-bottom: 0px !important;}&#8221;][vc_custom_heading text=&#8221;Sobre Nuestra Firma&#8221; font_container=&#8221;tag:h1|text_align:center&#8221; use_theme_fonts=&#8221;yes&#8221; css=&#8221;.vc_custom_1602182321148{margin-top: 0px !important;margin-bottom: 20px !important;padding-top: 0px !important;padding-bottom: 0px !important;}&#8221;][vc_single_image image=&#8221;1323&#8243; img_size=&#8221;full&#8221; alignment=&#8221;center&#8221; css=&#8221;.vc_custom_1513055746746{margin-top: 0px !important;margin-bottom: 0px !important;padding-top: 0px !important;padding-bottom: 0px !important;}&#8221;][vc_column_text css=&#8221;.vc_custom_1602182334480{margin-top: 0px !important;margin-bottom: 0px !important;}&#8221; el_class=&#8221;home-welcome-text&#8221;]Somos un Estudio Jur\u00eddico y Consultora Social compuesto por profesionales con perfil din\u00e1mico y abierto a los desaf\u00edos del siglo XXI<\/p>\n<p>Somos un equipo de profesionales altamente efectivos y comprometidos con las necesidades de los clientes<\/p>\n<p>Nacimos en el nuevo milenio pero nuestra experiencia de casi 20 a\u00f1os de trabajo vinculados a la formaci\u00f3n y capacitaci\u00f3n, complementada con la formaci\u00f3n especializada en varios pa\u00edses, nos permite garantizar que los cambios positivos son posibles si se dedican esfuerzos y se invierten recursos en la formaci\u00f3n y capacitaci\u00f3n de la gente desde su contexto particular o local abierto al mundo global.[\/vc_column_text][\/vc_column][\/vc_row][vc_row full_width=&#8221;stretch_row_content_no_spaces&#8221; css=&#8221;.vc_custom_1497958691593{margin-top: 0px !important;margin-bottom: 0px !important;padding-top: 0px !important;padding-bottom: 0px !important;background-color: #f8f8f8 !important;}&#8221;][vc_column width=&#8221;1\/2&#8243; css=&#8221;.vc_custom_1497244080415{margin-top: 0px !important;margin-bottom: 0px !important;padding-top: 0px !important;padding-right: 0px !important;padding-bottom: 0px !important;padding-left: 0px !important;}&#8221;][vc_single_image image=&#8221;1616&#8243; img_size=&#8221;full&#8221; alignment=&#8221;right&#8221; css=&#8221;.vc_custom_1602182544214{margin-top: 0px !important;margin-bottom: 0px !important;}&#8221;][\/vc_column][vc_column width=&#8221;1\/2&#8243; css=&#8221;.vc_custom_1513056479926{margin-top: 0px !important;margin-bottom: 0px !important;padding-top: 68px !important;padding-right: 30px !important;padding-bottom: 56px !important;padding-left: 30px !important;}&#8221;][vc_custom_heading text=&#8221;Tito Lopez Aparicio&#8221; font_container=&#8221;tag:h3|font_size:30px|text_align:left|line_height:40px&#8221; use_theme_fonts=&#8221;yes&#8221; css=&#8221;.vc_custom_1602182210780{margin-top: 0px !important;margin-bottom: 30px !important;}&#8221;][vc_column_text css=&#8221;.vc_custom_1602182245807{margin-top: 0px !important;margin-bottom: 0px !important;}&#8221; el_class=&#8221;home-welcome-text about-bio-section pull-left&#8221;]Abogado, con especialidad en derecho corporativo para el tratamiento integral de temas organizacionales con un enfoque de prevenci\u00f3n de los conflictos. Asesor jur\u00eddico del Arzobispado de Santa Cruz de la Sierra y de la Conferencia Episcopal de Bolivia. Tele Facilitador y tutor de Campo Latino y Facilitador o Moderador de cursos presenciales para InWEnt en las \u00e1reas de gesti\u00f3n organizacional y gesti\u00f3n de conflictos.<\/p>\n<p>[\/vc_column_text][\/vc_column][\/vc_row][vc_row full_width=&#8221;stretch_row_content_no_spaces&#8221; css=&#8221;.vc_custom_1497958697890{margin-top: 0px !important;margin-bottom: 0px !important;padding-top: 0px !important;padding-bottom: 0px !important;background-color: #f8f8f8 !important;}&#8221;][vc_column width=&#8221;1\/2&#8243; css=&#8221;.vc_custom_1497245879843{margin-top: 0px !important;margin-bottom: 0px !important;padding-top: 0px !important;padding-right: 0px !important;padding-bottom: 0px !important;padding-left: 0px !important;}&#8221; el_class=&#8221;pull-right&#8221;][vc_single_image image=&#8221;1423&#8243; img_size=&#8221;full&#8221; css=&#8221;.vc_custom_1513056230026{margin-top: 0px !important;margin-bottom: 0px !important;}&#8221;][\/vc_column][vc_column width=&#8221;1\/2&#8243; css=&#8221;.vc_custom_1497245888448{margin-top: 0px !important;margin-bottom: 0px !important;padding-top: 70px !important;padding-right: 30px !important;padding-bottom: 70px !important;padding-left: 30px !important;}&#8221; el_class=&#8221;pull-left&#8221;][vc_custom_heading text=&#8221;Meet Stephan H. Peskin&#8221; font_container=&#8221;tag:h3|font_size:30px|text_align:right|line_height:40px&#8221; use_theme_fonts=&#8221;yes&#8221; css=&#8221;.vc_custom_1513056255066{margin-top: 0px !important;margin-bottom: 30px !important;}&#8221;][vc_column_text css=&#8221;.vc_custom_1513056308966{margin-top: 0px !important;margin-bottom: 0px !important;}&#8221; el_class=&#8221;home-welcome-text about-bio-section pull-right&#8221;]<\/p>\n<p style=\"text-align: right;\">Lorem ipsum dolor sit amet, consectetur adipiscing elit, sed do eiusmod tempor incididunt ut labore et dolore magna aliqua. Ut enim ad minim veniam, quis nostrud exercitation ullamco laboris nisi ut aliquip ex ea commodo consequat. Duis aute irure dolor in reprehenderit in voluptate<\/p>\n<p style=\"text-align: right;\">velit esse cillum dolore eu fugiat nulla pariatur.<\/p>\n<p style=\"text-align: right;\">Excepteur sint occaecat cupidatat non proident, sunt in culpa qui officia deserunt mollit anim id est laborum.<\/p>\n<p style=\"text-align: right;\">On the other hand, we denounce with righteous indignation and dislike men who are so beguiled and demoralized by the charms of pleasure of the moment.<\/p>\n<p>[\/vc_column_text][\/vc_column][\/vc_row][vc_row full_width=&#8221;stretch_row&#8221; css=&#8221;.vc_custom_1497246162894{margin-top: 0px !important;margin-bottom: 0px !important;padding-top: 70px !important;padding-bottom: 30px !important;background-color: #ffffff !important;}&#8221;][vc_column width=&#8221;5\/12&#8243; css=&#8221;.vc_custom_1497246150369{margin-top: 0px !important;margin-bottom: 40px !important;padding-top: 0px !important;padding-bottom: 0px !important;}&#8221;][vc_row_inner css=&#8221;.vc_custom_1513056529050{margin-top: 0px !important;margin-right: 0px !important;margin-bottom: 0px !important;margin-left: 0px !important;padding-top: 30px !important;padding-right: 30px !important;padding-bottom: 35px !important;padding-left: 30px !important;background-color: #1a202d !important;}&#8221;][vc_column_inner css=&#8221;.vc_custom_1497250448456{padding-top: 0px !important;padding-right: 0px !important;padding-bottom: 0px !important;padding-left: 0px !important;}&#8221;][vc_custom_heading text=&#8221;Our Clients Love Us&#8221; font_container=&#8221;tag:h4|font_size:20px|text_align:left|color:%23f8d065&#8243; use_theme_fonts=&#8221;yes&#8221; css=&#8221;.vc_custom_1513056547799{margin-top: 0px !important;margin-bottom: 25px !important;}&#8221;][vc_column_text el_class=&#8221;home-welcome-text white&#8221; css=&#8221;.vc_custom_1513056560726{margin-top: 0px !important;margin-bottom: 20px !important;}&#8221;]<\/p>\n<blockquote><p>Lorem ipsum dolor sit amet, consectetur adipiscing elit, sed do eiusmod tempor incididunt ut labore et dolore magna aliqua. Ut enim ad minim veniam, quis nostrud exercitation ullamco laboris nisi ut aliquip.<\/p><\/blockquote>\n<p>[\/vc_column_text][vc_custom_heading text=&#8221;- Michaela Lobel (Google Review)&#8221; font_container=&#8221;tag:h6|font_size:16px|text_align:right|color:%23f8d065|line_height:23px&#8221; google_fonts=&#8221;font_family:Bitter%3Aregular%2Citalic%2C700|font_style:400%20regular%3A400%3Anormal&#8221; css=&#8221;.vc_custom_1513057200756{margin-top: 0px !important;margin-bottom: 0px !important;}&#8221;][\/vc_column_inner][\/vc_row_inner][\/vc_column][vc_column width=&#8221;7\/12&#8243; css=&#8221;.vc_custom_1497246157072{margin-top: 0px !important;margin-bottom: 40px !important;padding-top: 0px !important;padding-bottom: 0px !important;}&#8221;][vc_custom_heading text=&#8221;Tolmage, Peskin, Harris, Falick&#8221; font_container=&#8221;tag:h3|text_align:left|color:%23161922&#8243; use_theme_fonts=&#8221;yes&#8221; css=&#8221;.vc_custom_1513057319690{margin-top: 0px !important;margin-bottom: 20px !important;}&#8221;][vc_column_text css=&#8221;.vc_custom_1513057346617{margin-top: 0px !important;margin-bottom: 0px !important;}&#8221; el_class=&#8221;home-welcome-text&#8221;]Lorem ipsum dolor sit amet, consectetur adipiscing elit, sed do eiusmod tempor incididunt ut labore et dolore magna aliqua. Ut enim ad minim veniam, quis nostrud exercitation ullamco laboris nisi ut aliquip ex ea commodo consequat.<\/p>\n<p>Duis aute irure dolor in reprehenderit in voluptate velit esse cillum dolore eu fugiat nulla pariatur. Excepteur sint occaecat cupidatat non proident,<\/p>\n<p><span style=\"color: #212121;\"><strong>Lorem ipsum dolor sit amet, consectetur adipiscing elit, sed do eiusmod tempor incididunt ut labore et dolore magna aliqua.<\/strong><\/span>[\/vc_column_text][\/vc_column][\/vc_row][vc_row full_width=&#8221;stretch_row&#8221; css=&#8221;.vc_custom_1513073551473{margin-bottom: 70px !important;border-top-width: 1px !important;border-bottom-width: 1px !important;padding-top: 65px !important;padding-bottom: 55px !important;border-top-color: #ebebeb !important;border-top-style: solid !important;border-bottom-color: #ebebeb !important;border-bottom-style: solid !important;}&#8221;][vc_column css=&#8221;.vc_custom_1513057544555{margin-top: 0px !important;margin-bottom: 0px !important;padding-top: 0px !important;padding-bottom: 0px !important;}&#8221;][vc_custom_heading text=&#8221;THEY TRUST US&#8221; font_container=&#8221;tag:h4|font_size:14px|text_align:center|color:%230f1118|line_height:23px&#8221; google_fonts=&#8221;font_family:Montserrat%3Aregular%2C700|font_style:700%20bold%20regular%3A700%3Anormal&#8221; css=&#8221;.vc_custom_1513057750106{margin-top: 0px !important;margin-bottom: 10px !important;padding-top: 0px !important;padding-bottom: 0px !important;}&#8221;][vc_custom_heading text=&#8221;Our Clients&#8221; font_container=&#8221;tag:h3|font_size:30px|text_align:center|line_height:30px&#8221; use_theme_fonts=&#8221;yes&#8221; css=&#8221;.vc_custom_1513057687733{margin-top: 0px !important;margin-bottom: 0px !important;padding-top: 0px !important;padding-bottom: 0px !important;}&#8221;][vc_row_inner css=&#8221;.vc_custom_1513073374834{margin-top: 18px !important;margin-bottom: 35px !important;padding-top: 0px !important;padding-bottom: 0px !important;}&#8221;][vc_column_inner width=&#8221;1\/12&#8243;][\/vc_column_inner][vc_column_inner width=&#8221;5\/6&#8243;][vc_column_text css=&#8221;.vc_custom_1513057849403{margin-top: 0px !important;margin-bottom: 0px !important;padding-top: 0px !important;padding-bottom: 0px !important;}&#8221;]<\/p>\n<p style=\"text-align: center;\">Lorem ipsum dolor sit amet, consectetur adipiscing elit, sed do eiusmod tempor incididunt ut labore et dolore magna aliqua. Ut enim ad minim veniam, quis nostrud exercitation ullamco<\/p>\n<p>[\/vc_column_text][\/vc_column_inner][vc_column_inner width=&#8221;1\/12&#8243;][\/vc_column_inner][\/vc_row_inner]<div class=\"clients owl-carousel element-one owl-nav-style-one owl-dot-style-one \"  data-owl-nav=\"false\" data-owl-dots=\"false\" data-owl-loop=\"true\" data-owl-autoplay=\"true\" data-owl-autoplay-timeout=\"6\" data-owl-mobile-items=\"1\" data-owl-tab-items=\"5\" data-owl-desktop-items=\"5\"><div class=\"clients-item no-image\"><!-- clients-item --><div class=\"clients-item\"><div class=\"holder matchHeight\"><div class=\"table\"><div class=\"table-cell\"><div class=\"pic\"><\/div><\/div><\/div><\/div><\/div><!-- clients-item --><\/div><div class=\"clients-item no-image\"><!-- clients-item --><div class=\"clients-item\"><div class=\"holder matchHeight\"><div class=\"table\"><div class=\"table-cell\"><div class=\"pic\"><\/div><\/div><\/div><\/div><\/div><!-- clients-item --><\/div><div class=\"clients-item no-image\"><!-- clients-item --><div class=\"clients-item\"><div class=\"holder matchHeight\"><div class=\"table\"><div class=\"table-cell\"><div class=\"pic\"><\/div><\/div><\/div><\/div><\/div><!-- clients-item --><\/div><div class=\"clients-item no-image\"><!-- clients-item --><div class=\"clients-item\"><div class=\"holder matchHeight\"><div class=\"table\"><div class=\"table-cell\"><div class=\"pic\"><\/div><\/div><\/div><\/div><\/div><!-- clients-item --><\/div><div class=\"clients-item no-image\"><!-- clients-item --><div class=\"clients-item\"><div class=\"holder matchHeight\"><div class=\"table\"><div class=\"table-cell\"><div class=\"pic\"><\/div><\/div><\/div><\/div><\/div><!-- clients-item --><\/div><div class=\"clients-item no-image\"><!-- clients-item --><div class=\"clients-item\"><div class=\"holder matchHeight\"><div class=\"table\"><div class=\"table-cell\"><div class=\"pic\"><\/div><\/div><\/div><\/div><\/div><!-- clients-item --><\/div><div class=\"clients-item no-image\"><!-- clients-item --><div class=\"clients-item\"><div class=\"holder matchHeight\"><div class=\"table\"><div class=\"table-cell\"><div class=\"pic\"><\/div><\/div><\/div><\/div><\/div><!-- clients-item --><\/div><\/div>[\/vc_column][\/vc_row]<\/p>\n","protected":false},"excerpt":{"rendered":"<p>[vc_row full_width=&#8221;stretch_row&#8221; css=&#8221;.vc_custom_1499322539141{margin-top: 0px !important;margin-bottom: 0px !important;padding-top: 70px !important;padding-bottom: 80px !important;background-color: #ffffff !important;}&#8221;][vc_column css=&#8221;.vc_custom_1496743058962{padding-top: 0px !important;padding-bottom: 0px !important;}&#8221;][vc_custom_heading text=&#8221;Sobre Nuestra Firma&#8221; font_container=&#8221;tag:h1|text_align:center&#8221; use_theme_fonts=&#8221;yes&#8221; css=&#8221;.vc_custom_1602182321148{margin-top: 0px !important;margin-bottom: 20px !important;padding-top: 0px !important;padding-bottom: 0px !important;}&#8221;][vc_single_image image=&#8221;1323&#8243; img_size=&#8221;full&#8221; alignment=&#8221;center&#8221; css=&#8221;.vc_custom_1513055746746{margin-top: 0px !important;margin-bottom: 0px !important;padding-top: 0px !important;padding-bottom: 0px !important;}&#8221;][vc_column_text css=&#8221;.vc_custom_1602182334480{margin-top: 0px !important;margin-bottom: 0px !important;}&#8221; el_class=&#8221;home-welcome-text&#8221;]Somos un Estudio Jur\u00eddico y Consultora [&hellip;]<\/p>\n","protected":false},"author":1,"featured_media":1419,"parent":0,"menu_order":0,"comment_status":"closed","ping_status":"closed","template":"","meta":[],"_links":{"self":[{"href":"https:\/\/lopezaso.com\/web\/wp-json\/wp\/v2\/pages\/70"}],"collection":[{"href":"https:\/\/lopezaso.com\/web\/wp-json\/wp\/v2\/pages"}],"about":[{"href":"https:\/\/lopezaso.com\/web\/wp-json\/wp\/v2\/types\/page"}],"author":[{"embeddable":true,"href":"https:\/\/lopezaso.com\/web\/wp-json\/wp\/v2\/users\/1"}],"replies":[{"embeddable":true,"href":"https:\/\/lopezaso.com\/web\/wp-json\/wp\/v2\/comments?post=70"}],"version-history":[{"count":4,"href":"https:\/\/lopezaso.com\/web\/wp-json\/wp\/v2\/pages\/70\/revisions"}],"predecessor-version":[{"id":1617,"href":"https:\/\/lopezaso.com\/web\/wp-json\/wp\/v2\/pages\/70\/revisions\/1617"}],"wp:featuredmedia":[{"embeddable":true,"href":"https:\/\/lopezaso.com\/web\/wp-json\/wp\/v2\/media\/1419"}],"wp:attachment":[{"href":"https:\/\/lopezaso.com\/web\/wp-json\/wp\/v2\/media?parent=70"}],"curies":[{"name":"wp","href":"https:\/\/api.w.org\/{rel}","templated":true}]}}