{"id":497,"date":"2017-06-28T07:16:03","date_gmt":"2017-06-28T07:16:03","guid":{"rendered":"http:\/\/wordpresstheme.net\/dump\/?page_id=497"},"modified":"2021-02-17T21:35:05","modified_gmt":"2021-02-17T21:35:05","slug":"mision-y-vision","status":"publish","type":"page","link":"https:\/\/lopezaso.com\/web\/mision-y-vision\/","title":{"rendered":"Misi\u00f3n y Visi\u00f3n"},"content":{"rendered":"<p>[vc_row full_width=&#8221;stretch_row&#8221; css=&#8221;.vc_custom_1498634670376{margin-top: 0px !important;margin-bottom: 0px !important;padding-top: 70px !important;padding-bottom: 30px !important;background-color: #ffffff !important;}&#8221;][vc_column width=&#8221;2\/3&#8243; css=&#8221;.vc_custom_1498634650611{margin-top: 0px !important;margin-bottom: 40px !important;padding-top: 0px !important;padding-bottom: 0px !important;}&#8221;][vc_custom_heading text=&#8221;Quienes Somos&#8221; font_container=&#8221;tag:h1|text_align:left&#8221; use_theme_fonts=&#8221;yes&#8221; css=&#8221;.vc_custom_1602181866054{margin-top: 0px !important;margin-bottom: 18px !important;}&#8221;][vc_single_image image=&#8221;1323&#8243; img_size=&#8221;full&#8221; css=&#8221;.vc_custom_1513073804793{margin-top: 0px !important;margin-bottom: 0px !important;padding-top: 0px !important;padding-bottom: 0px !important;}&#8221;][vc_column_text css=&#8221;.vc_custom_1602181149236{margin-top: 0px !important;margin-bottom: 30px !important;}&#8221; el_class=&#8221;home-welcome-text&#8221;]<strong>Somos<\/strong> un Estudio Jur\u00eddico y Consultora Social compuesto por profesionales con perfil din\u00e1mico y abierto a los desaf\u00edos del siglo XXI<\/p>\n<p><strong>Somos<\/strong> un equipo de profesionales altamente efectivos y comprometidos con las necesidades de los clientes<\/p>\n<p><strong>Nacimos<\/strong> en el nuevo milenio pero nuestra experiencia de casi 20 a\u00f1os de trabajo vinculados a la formaci\u00f3n y capacitaci\u00f3n, complementada con la formaci\u00f3n especializada en varios pa\u00edses, nos permite garantizar que los cambios positivos son posibles si se dedican esfuerzos y se invierten recursos en la formaci\u00f3n y capacitaci\u00f3n de la gente desde su contexto particular o local abierto al mundo global.[\/vc_column_text][vc_custom_heading text=&#8221;Mision y Vision&#8221; font_container=&#8221;tag:h3|text_align:left&#8221; use_theme_fonts=&#8221;yes&#8221; css=&#8221;.vc_custom_1602181181671{margin-top: 0px !important;margin-bottom: 25px !important;}&#8221;][vc_column_text css=&#8221;.vc_custom_1602181221517{margin-top: 0px !important;margin-bottom: 30px !important;}&#8221; el_class=&#8221;home-welcome-text&#8221;]Nuestra visi\u00f3n es convertirnos en asesores jur\u00eddicos de cabecera y consultores sociales confiables<\/p>\n<p>Nacimos para fortalecer capacidades y competencias, prevenir y transformar los problemas y conflictos de nuestros clientes en oportunidades de negocios y de crecimiento personal, profesional y organizacional.[\/vc_column_text][vc_custom_heading text=&#8221;Nuestro Director : Tito Antonio L\u00f3pez Aparicio&#8221; font_container=&#8221;tag:h3|text_align:left&#8221; use_theme_fonts=&#8221;yes&#8221; css=&#8221;.vc_custom_1602181534428{margin-top: 0px !important;margin-bottom: 25px !important;}&#8221;][vc_column_text css=&#8221;.vc_custom_1602181481202{margin-top: 0px !important;margin-bottom: 30px !important;}&#8221; el_class=&#8221;home-welcome-text&#8221;]Abogado, con especialidad en derecho corporativo para el tratamiento integral de temas organizacionales con un enfoque de prevenci\u00f3n de los conflictos. Asesor jur\u00eddico del Arzobispado de Santa Cruz de la Sierra y de la Conferencia Episcopal de Bolivia. Tele Facilitador y tutor de Campo Latino y Facilitador o Moderador de cursos presenciales para InWEnt en las \u00e1reas de gesti\u00f3n organizacional y gesti\u00f3n de conflictos.[\/vc_column_text][\/vc_column][vc_column width=&#8221;1\/3&#8243; css=&#8221;.vc_custom_1498634658250{margin-top: 0px !important;margin-bottom: 40px !important;padding-top: 0px !important;padding-bottom: 0px !important;}&#8221;][vc_row_inner css=&#8221;.vc_custom_1513073905309{margin-top: 0px !important;margin-right: 0px !important;margin-bottom: 30px !important;margin-left: 0px !important;padding-top: 25px !important;padding-right: 30px !important;padding-bottom: 30px !important;padding-left: 30px !important;background-color: #1a202d !important;}&#8221;][vc_column_inner css=&#8221;.vc_custom_1498638825356{padding-top: 0px !important;padding-right: 0px !important;padding-bottom: 0px !important;padding-left: 0px !important;}&#8221;][vc_custom_heading text=&#8221;Consulta&#8221; font_container=&#8221;tag:h4|font_size:25px|text_align:center|color:%23ffffff|line_height:30px&#8221; use_theme_fonts=&#8221;yes&#8221; css=&#8221;.vc_custom_1602181852330{margin-top: 0px !important;margin-bottom: 25px !important;padding-right: 20px !important;padding-left: 20px !important;}&#8221;][contact-form-7 404 \"No encontrado\"][\/vc_column_inner][\/vc_row_inner][vc_single_image image=&#8221;1784&#8243; img_size=&#8221;large&#8221; css_animation=&#8221;fadeIn&#8221;][\/vc_column][\/vc_row]<\/p>\n","protected":false},"excerpt":{"rendered":"<p>[vc_row full_width=&#8221;stretch_row&#8221; css=&#8221;.vc_custom_1498634670376{margin-top: 0px !important;margin-bottom: 0px !important;padding-top: 70px !important;padding-bottom: 30px !important;background-color: #ffffff !important;}&#8221;][vc_column width=&#8221;2\/3&#8243; css=&#8221;.vc_custom_1498634650611{margin-top: 0px !important;margin-bottom: 40px !important;padding-top: 0px !important;padding-bottom: 0px !important;}&#8221;][vc_custom_heading text=&#8221;Quienes Somos&#8221; font_container=&#8221;tag:h1|text_align:left&#8221; use_theme_fonts=&#8221;yes&#8221; css=&#8221;.vc_custom_1602181866054{margin-top: 0px !important;margin-bottom: 18px !important;}&#8221;][vc_single_image image=&#8221;1323&#8243; img_size=&#8221;full&#8221; css=&#8221;.vc_custom_1513073804793{margin-top: 0px !important;margin-bottom: 0px !important;padding-top: 0px !important;padding-bottom: 0px !important;}&#8221;][vc_column_text css=&#8221;.vc_custom_1602181149236{margin-top: 0px !important;margin-bottom: 30px !important;}&#8221; el_class=&#8221;home-welcome-text&#8221;]Somos un Estudio Jur\u00eddico y Consultora Social [&hellip;]<\/p>\n","protected":false},"author":1,"featured_media":1419,"parent":0,"menu_order":0,"comment_status":"closed","ping_status":"closed","template":"","meta":[],"_links":{"self":[{"href":"https:\/\/lopezaso.com\/web\/wp-json\/wp\/v2\/pages\/497"}],"collection":[{"href":"https:\/\/lopezaso.com\/web\/wp-json\/wp\/v2\/pages"}],"about":[{"href":"https:\/\/lopezaso.com\/web\/wp-json\/wp\/v2\/types\/page"}],"author":[{"embeddable":true,"href":"https:\/\/lopezaso.com\/web\/wp-json\/wp\/v2\/users\/1"}],"replies":[{"embeddable":true,"href":"https:\/\/lopezaso.com\/web\/wp-json\/wp\/v2\/comments?post=497"}],"version-history":[{"count":7,"href":"https:\/\/lopezaso.com\/web\/wp-json\/wp\/v2\/pages\/497\/revisions"}],"predecessor-version":[{"id":1786,"href":"https:\/\/lopezaso.com\/web\/wp-json\/wp\/v2\/pages\/497\/revisions\/1786"}],"wp:featuredmedia":[{"embeddable":true,"href":"https:\/\/lopezaso.com\/web\/wp-json\/wp\/v2\/media\/1419"}],"wp:attachment":[{"href":"https:\/\/lopezaso.com\/web\/wp-json\/wp\/v2\/media?parent=497"}],"curies":[{"name":"wp","href":"https:\/\/api.w.org\/{rel}","templated":true}]}}