{"id":1705,"date":"2021-02-04T13:05:44","date_gmt":"2021-02-04T13:05:44","guid":{"rendered":"https:\/\/lopezaso.com\/web\/?page_id=1705"},"modified":"2021-02-04T19:55:43","modified_gmt":"2021-02-04T19:55:43","slug":"descarga","status":"publish","type":"page","link":"https:\/\/lopezaso.com\/web\/descarga\/","title":{"rendered":"Descargas"},"content":{"rendered":"<style>.iconowp{width:18px;}\r\n\/* Style buttons *\/\r\n.btn {\r\n  background-color: DodgerBlue;\r\n  border: none;\r\n  color: white;\r\n  padding: 12px 30px;\r\n  cursor: pointer;\r\n  font-size: 20px;\r\n}\r\n\r\n\/* Darker background on mouse-over *\/\r\n.btn:hover {\r\n  background-color: RoyalBlue;\r\n}\r\n#misarchivos {\r\n    width: 23%;\r\n    background: #f5f5f5;\r\n    float: left;\r\n    padding: 10px 10px;\r\n    font-size: 14px;\r\n    margin: 10px;\r\n}\r\n\r\n@media only screen and (max-width: 600px) {\r\n#misarchivos {\r\n    width: 100%;\r\n    background: #f5f5f5;\r\n    float: left;\r\n    padding: 10px 10px;\r\n    font-size: 14px;\r\n    margin: 5px 5px;\r\n}\r\n}\r\n\t\r\n\t\r\n<\/style>\r\n<!-- Add icon library -->\r\n<link rel=\"stylesheet\" href=\"https:\/\/cdnjs.cloudflare.com\/ajax\/libs\/font-awesome\/4.7.0\/css\/font-awesome.min.css\">\r\n\r\n\r\n\r\n<div id=\"misarchivos\">\r\n\r\n<a href=\"https:\/\/lopezaso.com\/web\/wp-content\/uploads\/2024\/08\/conciliacion-mediacion-y-arbitraje.pdf\" target=\"_blank\" rel=\"noopener\"><img src=\"https:\/\/lopezaso.com\/web\/wp-content\/uploads\/2020\/10\/15519179861536080156-512.png\" alt=\"\" style=\"width:50px;\"><strong>Conciliaci\u00f3n mediaci\u00f3n y arbitraje<\/strong><\/a>\t\r\n\r\n\r\n<!-- Auto width -->\r\n\r\n<\/div><style>.iconowp{width:18px;}\r\n\/* Style buttons *\/\r\n.btn {\r\n  background-color: DodgerBlue;\r\n  border: none;\r\n  color: white;\r\n  padding: 12px 30px;\r\n  cursor: pointer;\r\n  font-size: 20px;\r\n}\r\n\r\n\/* Darker background on mouse-over *\/\r\n.btn:hover {\r\n  background-color: RoyalBlue;\r\n}\r\n#misarchivos {\r\n    width: 23%;\r\n    background: #f5f5f5;\r\n    float: left;\r\n    padding: 10px 10px;\r\n    font-size: 14px;\r\n    margin: 10px;\r\n}\r\n\r\n@media only screen and (max-width: 600px) {\r\n#misarchivos {\r\n    width: 100%;\r\n    background: #f5f5f5;\r\n    float: left;\r\n    padding: 10px 10px;\r\n    font-size: 14px;\r\n    margin: 5px 5px;\r\n}\r\n}\r\n\t\r\n\t\r\n<\/style>\r\n<!-- Add icon library -->\r\n<link rel=\"stylesheet\" href=\"https:\/\/cdnjs.cloudflare.com\/ajax\/libs\/font-awesome\/4.7.0\/css\/font-awesome.min.css\">\r\n\r\n\r\n\r\n<div id=\"misarchivos\">\r\n\r\n<a href=\"https:\/\/lopezaso.com\/web\/wp-content\/uploads\/2024\/08\/CONVENIO-2015-2045-GAMSC-Y-ASC.pdf\" target=\"_blank\" rel=\"noopener\"><img src=\"https:\/\/lopezaso.com\/web\/wp-content\/uploads\/2020\/10\/15519179861536080156-512.png\" alt=\"\" style=\"width:50px;\"><strong>Convenio de cooperaci\u00f3n interinstitucional entre la Iglesia Cat\u00f3lica y el GAM de Santa Cruz de la Sierra<\/strong><\/a>\t\r\n\r\n\r\n<!-- Auto width -->\r\n\r\n<\/div><style>.iconowp{width:18px;}\r\n\/* Style buttons *\/\r\n.btn {\r\n  background-color: DodgerBlue;\r\n  border: none;\r\n  color: white;\r\n  padding: 12px 30px;\r\n  cursor: pointer;\r\n  font-size: 20px;\r\n}\r\n\r\n\/* Darker background on mouse-over *\/\r\n.btn:hover {\r\n  background-color: RoyalBlue;\r\n}\r\n#misarchivos {\r\n    width: 23%;\r\n    background: #f5f5f5;\r\n    float: left;\r\n    padding: 10px 10px;\r\n    font-size: 14px;\r\n    margin: 10px;\r\n}\r\n\r\n@media only screen and (max-width: 600px) {\r\n#misarchivos {\r\n    width: 100%;\r\n    background: #f5f5f5;\r\n    float: left;\r\n    padding: 10px 10px;\r\n    font-size: 14px;\r\n    margin: 5px 5px;\r\n}\r\n}\r\n\t\r\n\t\r\n<\/style>\r\n<!-- Add icon library -->\r\n<link rel=\"stylesheet\" href=\"https:\/\/cdnjs.cloudflare.com\/ajax\/libs\/font-awesome\/4.7.0\/css\/font-awesome.min.css\">\r\n\r\n\r\n\r\n<div id=\"misarchivos\">\r\n\r\n<a href=\"https:\/\/lopezaso.com\/web\/wp-content\/uploads\/2024\/08\/Excelencia-personal.pdf\" target=\"_blank\" rel=\"noopener\"><img src=\"https:\/\/lopezaso.com\/web\/wp-content\/uploads\/2020\/10\/15519179861536080156-512.png\" alt=\"\" style=\"width:50px;\"><strong>Excelencia personal<\/strong><\/a>\t\r\n\r\n\r\n<!-- Auto width -->\r\n\r\n<\/div><style>.iconowp{width:18px;}\r\n\/* Style buttons *\/\r\n.btn {\r\n  background-color: DodgerBlue;\r\n  border: none;\r\n  color: white;\r\n  padding: 12px 30px;\r\n  cursor: pointer;\r\n  font-size: 20px;\r\n}\r\n\r\n\/* Darker background on mouse-over *\/\r\n.btn:hover {\r\n  background-color: RoyalBlue;\r\n}\r\n#misarchivos {\r\n    width: 23%;\r\n    background: #f5f5f5;\r\n    float: left;\r\n    padding: 10px 10px;\r\n    font-size: 14px;\r\n    margin: 10px;\r\n}\r\n\r\n@media only screen and (max-width: 600px) {\r\n#misarchivos {\r\n    width: 100%;\r\n    background: #f5f5f5;\r\n    float: left;\r\n    padding: 10px 10px;\r\n    font-size: 14px;\r\n    margin: 5px 5px;\r\n}\r\n}\r\n\t\r\n\t\r\n<\/style>\r\n<!-- Add icon library -->\r\n<link rel=\"stylesheet\" href=\"https:\/\/cdnjs.cloudflare.com\/ajax\/libs\/font-awesome\/4.7.0\/css\/font-awesome.min.css\">\r\n\r\n\r\n\r\n<div id=\"misarchivos\">\r\n\r\n<a href=\"https:\/\/lopezaso.com\/web\/wp-content\/uploads\/2024\/08\/Facilitacion_con_Enfoque_Participativo.pdf\" target=\"_blank\" rel=\"noopener\"><img src=\"https:\/\/lopezaso.com\/web\/wp-content\/uploads\/2020\/10\/15519179861536080156-512.png\" alt=\"\" style=\"width:50px;\"><strong>Facilitacion con Enfoque Participativo<\/strong><\/a>\t\r\n\r\n\r\n<!-- Auto width -->\r\n\r\n<\/div><style>.iconowp{width:18px;}\r\n\/* Style buttons *\/\r\n.btn {\r\n  background-color: DodgerBlue;\r\n  border: none;\r\n  color: white;\r\n  padding: 12px 30px;\r\n  cursor: pointer;\r\n  font-size: 20px;\r\n}\r\n\r\n\/* Darker background on mouse-over *\/\r\n.btn:hover {\r\n  background-color: RoyalBlue;\r\n}\r\n#misarchivos {\r\n    width: 23%;\r\n    background: #f5f5f5;\r\n    float: left;\r\n    padding: 10px 10px;\r\n    font-size: 14px;\r\n    margin: 10px;\r\n}\r\n\r\n@media only screen and (max-width: 600px) {\r\n#misarchivos {\r\n    width: 100%;\r\n    background: #f5f5f5;\r\n    float: left;\r\n    padding: 10px 10px;\r\n    font-size: 14px;\r\n    margin: 5px 5px;\r\n}\r\n}\r\n\t\r\n\t\r\n<\/style>\r\n<!-- Add icon library -->\r\n<link rel=\"stylesheet\" href=\"https:\/\/cdnjs.cloudflare.com\/ajax\/libs\/font-awesome\/4.7.0\/css\/font-awesome.min.css\">\r\n\r\n\r\n\r\n<div id=\"misarchivos\">\r\n\r\n<a href=\"https:\/\/lopezaso.com\/web\/wp-content\/uploads\/2024\/08\/Gestiondeconflictos.pdf\" target=\"_blank\" rel=\"noopener\"><img src=\"https:\/\/lopezaso.com\/web\/wp-content\/uploads\/2020\/10\/15519179861536080156-512.png\" alt=\"\" style=\"width:50px;\"><strong>Gesti\u00f3n de conflictos<\/strong><\/a>\t\r\n\r\n\r\n<!-- Auto width -->\r\n\r\n<\/div><style>.iconowp{width:18px;}\r\n\/* Style buttons *\/\r\n.btn {\r\n  background-color: DodgerBlue;\r\n  border: none;\r\n  color: white;\r\n  padding: 12px 30px;\r\n  cursor: pointer;\r\n  font-size: 20px;\r\n}\r\n\r\n\/* Darker background on mouse-over *\/\r\n.btn:hover {\r\n  background-color: RoyalBlue;\r\n}\r\n#misarchivos {\r\n    width: 23%;\r\n    background: #f5f5f5;\r\n    float: left;\r\n    padding: 10px 10px;\r\n    font-size: 14px;\r\n    margin: 10px;\r\n}\r\n\r\n@media only screen and (max-width: 600px) {\r\n#misarchivos {\r\n    width: 100%;\r\n    background: #f5f5f5;\r\n    float: left;\r\n    padding: 10px 10px;\r\n    font-size: 14px;\r\n    margin: 5px 5px;\r\n}\r\n}\r\n\t\r\n\t\r\n<\/style>\r\n<!-- Add icon library -->\r\n<link rel=\"stylesheet\" href=\"https:\/\/cdnjs.cloudflare.com\/ajax\/libs\/font-awesome\/4.7.0\/css\/font-awesome.min.css\">\r\n\r\n\r\n\r\n<div id=\"misarchivos\">\r\n\r\n<a href=\"https:\/\/lopezaso.com\/web\/wp-content\/uploads\/2024\/08\/Gestion-de-organizaciones-social.pdf\" target=\"_blank\" rel=\"noopener\"><img src=\"https:\/\/lopezaso.com\/web\/wp-content\/uploads\/2020\/10\/15519179861536080156-512.png\" alt=\"\" style=\"width:50px;\"><strong>Gesti\u00f3n de Organizaciones<\/strong><\/a>\t\r\n\r\n\r\n<!-- Auto width -->\r\n\r\n<\/div><style>.iconowp{width:18px;}\r\n\/* Style buttons *\/\r\n.btn {\r\n  background-color: DodgerBlue;\r\n  border: none;\r\n  color: white;\r\n  padding: 12px 30px;\r\n  cursor: pointer;\r\n  font-size: 20px;\r\n}\r\n\r\n\/* Darker background on mouse-over *\/\r\n.btn:hover {\r\n  background-color: RoyalBlue;\r\n}\r\n#misarchivos {\r\n    width: 23%;\r\n    background: #f5f5f5;\r\n    float: left;\r\n    padding: 10px 10px;\r\n    font-size: 14px;\r\n    margin: 10px;\r\n}\r\n\r\n@media only screen and (max-width: 600px) {\r\n#misarchivos {\r\n    width: 100%;\r\n    background: #f5f5f5;\r\n    float: left;\r\n    padding: 10px 10px;\r\n    font-size: 14px;\r\n    margin: 5px 5px;\r\n}\r\n}\r\n\t\r\n\t\r\n<\/style>\r\n<!-- Add icon library -->\r\n<link rel=\"stylesheet\" href=\"https:\/\/cdnjs.cloudflare.com\/ajax\/libs\/font-awesome\/4.7.0\/css\/font-awesome.min.css\">\r\n\r\n\r\n\r\n<div id=\"misarchivos\">\r\n\r\n<a href=\"https:\/\/lopezaso.com\/web\/wp-content\/uploads\/2024\/08\/Liderazgo-efectivo.pdf\" target=\"_blank\" rel=\"noopener\"><img src=\"https:\/\/lopezaso.com\/web\/wp-content\/uploads\/2020\/10\/15519179861536080156-512.png\" alt=\"\" style=\"width:50px;\"><strong>Liderazgo efectivo<\/strong><\/a>\t\r\n\r\n\r\n<!-- Auto width -->\r\n\r\n<\/div><style>.iconowp{width:18px;}\r\n\/* Style buttons *\/\r\n.btn {\r\n  background-color: DodgerBlue;\r\n  border: none;\r\n  color: white;\r\n  padding: 12px 30px;\r\n  cursor: pointer;\r\n  font-size: 20px;\r\n}\r\n\r\n\/* Darker background on mouse-over *\/\r\n.btn:hover {\r\n  background-color: RoyalBlue;\r\n}\r\n#misarchivos {\r\n    width: 23%;\r\n    background: #f5f5f5;\r\n    float: left;\r\n    padding: 10px 10px;\r\n    font-size: 14px;\r\n    margin: 10px;\r\n}\r\n\r\n@media only screen and (max-width: 600px) {\r\n#misarchivos {\r\n    width: 100%;\r\n    background: #f5f5f5;\r\n    float: left;\r\n    padding: 10px 10px;\r\n    font-size: 14px;\r\n    margin: 5px 5px;\r\n}\r\n}\r\n\t\r\n\t\r\n<\/style>\r\n<!-- Add icon library -->\r\n<link rel=\"stylesheet\" href=\"https:\/\/cdnjs.cloudflare.com\/ajax\/libs\/font-awesome\/4.7.0\/css\/font-awesome.min.css\">\r\n\r\n\r\n\r\n<div id=\"misarchivos\">\r\n\r\n<a href=\"https:\/\/lopezaso.com\/web\/wp-content\/uploads\/2024\/08\/Oratoria-social.pdf\" target=\"_blank\" rel=\"noopener\"><img src=\"https:\/\/lopezaso.com\/web\/wp-content\/uploads\/2020\/10\/15519179861536080156-512.png\" alt=\"\" style=\"width:50px;\"><strong>Oratoria social<\/strong><\/a>\t\r\n\r\n\r\n<!-- Auto width -->\r\n\r\n<\/div><style>.iconowp{width:18px;}\r\n\/* Style buttons *\/\r\n.btn {\r\n  background-color: DodgerBlue;\r\n  border: none;\r\n  color: white;\r\n  padding: 12px 30px;\r\n  cursor: pointer;\r\n  font-size: 20px;\r\n}\r\n\r\n\/* Darker background on mouse-over *\/\r\n.btn:hover {\r\n  background-color: RoyalBlue;\r\n}\r\n#misarchivos {\r\n    width: 23%;\r\n    background: #f5f5f5;\r\n    float: left;\r\n    padding: 10px 10px;\r\n    font-size: 14px;\r\n    margin: 10px;\r\n}\r\n\r\n@media only screen and (max-width: 600px) {\r\n#misarchivos {\r\n    width: 100%;\r\n    background: #f5f5f5;\r\n    float: left;\r\n    padding: 10px 10px;\r\n    font-size: 14px;\r\n    margin: 5px 5px;\r\n}\r\n}\r\n\t\r\n\t\r\n<\/style>\r\n<!-- Add icon library -->\r\n<link rel=\"stylesheet\" href=\"https:\/\/cdnjs.cloudflare.com\/ajax\/libs\/font-awesome\/4.7.0\/css\/font-awesome.min.css\">\r\n\r\n\r\n\r\n<div id=\"misarchivos\">\r\n\r\n<a href=\"https:\/\/lopezaso.com\/web\/wp-content\/uploads\/2024\/08\/PARADIGMAS-SOCIALES.pdf\" target=\"_blank\" rel=\"noopener\"><img src=\"https:\/\/lopezaso.com\/web\/wp-content\/uploads\/2020\/10\/15519179861536080156-512.png\" alt=\"\" style=\"width:50px;\"><strong>Paradigmas Sociales<\/strong><\/a>\t\r\n\r\n\r\n<!-- Auto width -->\r\n\r\n<\/div><style>.iconowp{width:18px;}\r\n\/* Style buttons *\/\r\n.btn {\r\n  background-color: DodgerBlue;\r\n  border: none;\r\n  color: white;\r\n  padding: 12px 30px;\r\n  cursor: pointer;\r\n  font-size: 20px;\r\n}\r\n\r\n\/* Darker background on mouse-over *\/\r\n.btn:hover {\r\n  background-color: RoyalBlue;\r\n}\r\n#misarchivos {\r\n    width: 23%;\r\n    background: #f5f5f5;\r\n    float: left;\r\n    padding: 10px 10px;\r\n    font-size: 14px;\r\n    margin: 10px;\r\n}\r\n\r\n@media only screen and (max-width: 600px) {\r\n#misarchivos {\r\n    width: 100%;\r\n    background: #f5f5f5;\r\n    float: left;\r\n    padding: 10px 10px;\r\n    font-size: 14px;\r\n    margin: 5px 5px;\r\n}\r\n}\r\n\t\r\n\t\r\n<\/style>\r\n<!-- Add icon library -->\r\n<link rel=\"stylesheet\" href=\"https:\/\/cdnjs.cloudflare.com\/ajax\/libs\/font-awesome\/4.7.0\/css\/font-awesome.min.css\">\r\n\r\n\r\n\r\n<div id=\"misarchivos\">\r\n\r\n<a href=\"https:\/\/lopezaso.com\/web\/wp-content\/uploads\/2024\/08\/Poder-de-los-paradigmas.pdf\" target=\"_blank\" rel=\"noopener\"><img src=\"https:\/\/lopezaso.com\/web\/wp-content\/uploads\/2020\/10\/15519179861536080156-512.png\" alt=\"\" style=\"width:50px;\"><strong>Poder de los Paradigmas<\/strong><\/a>\t\r\n\r\n\r\n<!-- Auto width -->\r\n\r\n<\/div><style>.iconowp{width:18px;}\r\n\/* Style buttons *\/\r\n.btn {\r\n  background-color: DodgerBlue;\r\n  border: none;\r\n  color: white;\r\n  padding: 12px 30px;\r\n  cursor: pointer;\r\n  font-size: 20px;\r\n}\r\n\r\n\/* Darker background on mouse-over *\/\r\n.btn:hover {\r\n  background-color: RoyalBlue;\r\n}\r\n#misarchivos {\r\n    width: 23%;\r\n    background: #f5f5f5;\r\n    float: left;\r\n    padding: 10px 10px;\r\n    font-size: 14px;\r\n    margin: 10px;\r\n}\r\n\r\n@media only screen and (max-width: 600px) {\r\n#misarchivos {\r\n    width: 100%;\r\n    background: #f5f5f5;\r\n    float: left;\r\n    padding: 10px 10px;\r\n    font-size: 14px;\r\n    margin: 5px 5px;\r\n}\r\n}\r\n\t\r\n\t\r\n<\/style>\r\n<!-- Add icon library -->\r\n<link rel=\"stylesheet\" href=\"https:\/\/cdnjs.cloudflare.com\/ajax\/libs\/font-awesome\/4.7.0\/css\/font-awesome.min.css\">\r\n\r\n\r\n\r\n<div id=\"misarchivos\">\r\n\r\n<a href=\"https:\/\/lopezaso.com\/web\/wp-content\/uploads\/2024\/08\/POLITICA_y_BIEN_COMUN.pdf\" target=\"_blank\" rel=\"noopener\"><img src=\"https:\/\/lopezaso.com\/web\/wp-content\/uploads\/2020\/10\/15519179861536080156-512.png\" alt=\"\" style=\"width:50px;\"><strong>Pol\u00edtica y  bien com\u00fan<\/strong><\/a>\t\r\n\r\n\r\n<!-- Auto width -->\r\n\r\n<\/div>\n","protected":false},"excerpt":{"rendered":"Conciliaci\u00f3n mediaci\u00f3n y arbitraje Convenio de cooperaci\u00f3n interinstitucional entre la Iglesia Cat\u00f3lica y el GAM de Santa Cruz de la Sierra Excelencia personal Facilitacion con Enfoque Participativo Gesti\u00f3n de conflictos Gesti\u00f3n de Organizaciones Liderazgo efectivo Oratoria social Paradigmas Sociales Poder de los Paradigmas Pol\u00edtica y bien com\u00fan","protected":false},"author":1,"featured_media":0,"parent":0,"menu_order":0,"comment_status":"closed","ping_status":"closed","template":"","meta":[],"_links":{"self":[{"href":"https:\/\/lopezaso.com\/web\/wp-json\/wp\/v2\/pages\/1705"}],"collection":[{"href":"https:\/\/lopezaso.com\/web\/wp-json\/wp\/v2\/pages"}],"about":[{"href":"https:\/\/lopezaso.com\/web\/wp-json\/wp\/v2\/types\/page"}],"author":[{"embeddable":true,"href":"https:\/\/lopezaso.com\/web\/wp-json\/wp\/v2\/users\/1"}],"replies":[{"embeddable":true,"href":"https:\/\/lopezaso.com\/web\/wp-json\/wp\/v2\/comments?post=1705"}],"version-history":[{"count":10,"href":"https:\/\/lopezaso.com\/web\/wp-json\/wp\/v2\/pages\/1705\/revisions"}],"predecessor-version":[{"id":1750,"href":"https:\/\/lopezaso.com\/web\/wp-json\/wp\/v2\/pages\/1705\/revisions\/1750"}],"wp:attachment":[{"href":"https:\/\/lopezaso.com\/web\/wp-json\/wp\/v2\/media?parent=1705"}],"curies":[{"name":"wp","href":"https:\/\/api.w.org\/{rel}","templated":true}]}}