{"id":1576,"date":"2020-09-30T02:37:25","date_gmt":"2020-09-30T02:37:25","guid":{"rendered":"https:\/\/lopezaso.com\/web\/terms-of-service-copy\/"},"modified":"2021-02-05T00:00:10","modified_gmt":"2021-02-05T00:00:10","slug":"servicios","status":"publish","type":"page","link":"https:\/\/lopezaso.com\/web\/servicios\/","title":{"rendered":"Servicios"},"content":{"rendered":"<p>[vc_row full_width=&#8221;stretch_row&#8221; css=&#8221;.vc_custom_1601431773191{margin-top: 0px !important;margin-bottom: 0px !important;padding-top: 60px !important;padding-bottom: 40px !important;background-color: #ffffff !important;}&#8221; el_id=&#8221;servicios&#8221;][vc_column css=&#8221;.vc_custom_1496743058962{padding-top: 0px !important;padding-bottom: 0px !important;}&#8221;][vc_custom_heading text=&#8221;Area de Servicio&#8221; font_container=&#8221;tag:h3|font_size:30px|text_align:center|line_height:40px&#8221; use_theme_fonts=&#8221;yes&#8221; css=&#8221;.vc_custom_1601650354886{margin-top: 0px !important;margin-bottom: 14px !important;}&#8221;][vc_single_image image=&#8221;1323&#8243; img_size=&#8221;full&#8221; alignment=&#8221;center&#8221; css=&#8221;.vc_custom_1512627163538{margin-top: 0px !important;margin-bottom: 0px !important;padding-top: 0px !important;padding-bottom: 0px !important;}&#8221;][vc_column_text css=&#8221;.vc_custom_1601650336802{margin-top: 0px !important;margin-bottom: 40px !important;}&#8221; el_class=&#8221;home-welcome-text&#8221;]<\/p>\n<p style=\"text-align: center;\">Cada cliente es \u00fanico y sus problemas jur\u00eddicos requieren atenci\u00f3n especializada , para lo cual Lopez &amp; Asociados ofrece servicios integrales desde la constituci\u00f3n hasta lograr todos los registros para su funcionamiento legal acompa\u00f1ando su desarrollo.<\/p>\n<p>[\/vc_column_text]<!-- areas-of-practise -->\n                          <div class=\"row areas-of-practise home-concept-two \" > <div class=\"col-lg-3 col-md-3 col-sm-6 col-xs-12\">\n                                            <!-- areas-of-practise-item -->\n                                            <div class=\"areas-of-practise-item\">\n                                                <a href=\"https:\/\/lopezaso.com\/web\/practice-areas\/derecho-agrario\/\">\n                                                <div class=\"holder matchHeight\">\t<div class=\"icon\"><img src='https:\/\/lopezaso.com\/web\/wp-content\/uploads\/2021\/02\/dereagrario.png' alt='dereagrario' title='dereagrario'><\/div><div class=\"data\"><h4>Derecho Agrario<\/h4><p>Atendemos integralmente a nuestros clientes en sus casos en materia agra<\/p><\/div>\n                                     \t<\/div>\n                                     \t<\/a>\n                                 \t\t<\/div>\n                                 \t\t<!-- areas-of-practise-item -->\n                             \t\t\t<\/div> <div class=\"col-lg-3 col-md-3 col-sm-6 col-xs-12\">\n                                            <!-- areas-of-practise-item -->\n                                            <div class=\"areas-of-practise-item\">\n                                                <a href=\"https:\/\/lopezaso.com\/web\/practice-areas\/derecho-corporativo\/\">\n                                                <div class=\"holder matchHeight\">\t<div class=\"icon\"><img src='https:\/\/lopezaso.com\/web\/wp-content\/uploads\/2017\/06\/Business-Law-1.png' alt='Business-Law' title='Business-Law'><\/div><div class=\"data\"><h4>Derecho Corporativo<\/h4><p>Asesor\u00eda a sociedades comerciales desde su constituci\u00f3n hasta lograr t<\/p><\/div>\n                                     \t<\/div>\n                                     \t<\/a>\n                                 \t\t<\/div>\n                                 \t\t<!-- areas-of-practise-item -->\n                             \t\t\t<\/div> <div class=\"col-lg-3 col-md-3 col-sm-6 col-xs-12\">\n                                            <!-- areas-of-practise-item -->\n                                            <div class=\"areas-of-practise-item\">\n                                                <a href=\"https:\/\/lopezaso.com\/web\/practice-areas\/derecho-laboral\/\">\n                                                <div class=\"holder matchHeight\">\t<div class=\"icon\"><img src='https:\/\/lopezaso.com\/web\/wp-content\/uploads\/2021\/02\/derlaboral.png' alt='derlaboral' title='derlaboral'><\/div><div class=\"data\"><h4>Derecho Laboral<\/h4><p>Asesor\u00eda laboral para la prevenci\u00f3n y soluci\u00f3n de problemas laborales<\/p><\/div>\n                                     \t<\/div>\n                                     \t<\/a>\n                                 \t\t<\/div>\n                                 \t\t<!-- areas-of-practise-item -->\n                             \t\t\t<\/div> <div class=\"col-lg-3 col-md-3 col-sm-6 col-xs-12\">\n                                            <!-- areas-of-practise-item -->\n                                            <div class=\"areas-of-practise-item\">\n                                                <a href=\"https:\/\/lopezaso.com\/web\/practice-areas\/employment-law\/\">\n                                                <div class=\"holder matchHeight\">\t<div class=\"icon\"><img src='https:\/\/lopezaso.com\/web\/wp-content\/uploads\/2017\/06\/dereintelectual.png' alt='dereintelectual' title='dereintelectual'><\/div><div class=\"data\"><h4>Derecho de propiedad intelectual<\/h4><p>Inscribimos sus marcas, denominaciones, distintivos y lo que sea necesar<\/p><\/div>\n                                     \t<\/div>\n                                     \t<\/a>\n                                 \t\t<\/div>\n                                 \t\t<!-- areas-of-practise-item -->\n                             \t\t\t<\/div> <div class=\"col-lg-3 col-md-3 col-sm-6 col-xs-12\">\n                                            <!-- areas-of-practise-item -->\n                                            <div class=\"areas-of-practise-item\">\n                                                <a href=\"https:\/\/lopezaso.com\/web\/practice-areas\/family-law\/\">\n                                                <div class=\"holder matchHeight\">\t<div class=\"icon\"><img src='https:\/\/lopezaso.com\/web\/wp-content\/uploads\/2017\/06\/Family-Law-1.png' alt='Family-Law' title='Family-Law'><\/div><div class=\"data\"><h4>Educaci\u00f3n<\/h4><p>Asesor\u00eda jur\u00eddica especializada a jardines y guarder\u00edas infantiles y <\/p><\/div>\n                                     \t<\/div>\n                                     \t<\/a>\n                                 \t\t<\/div>\n                                 \t\t<!-- areas-of-practise-item -->\n                             \t\t\t<\/div> <div class=\"col-lg-3 col-md-3 col-sm-6 col-xs-12\">\n                                            <!-- areas-of-practise-item -->\n                                            <div class=\"areas-of-practise-item\">\n                                                <a href=\"https:\/\/lopezaso.com\/web\/practice-areas\/financial-law\/\">\n                                                <div class=\"holder matchHeight\">\t<div class=\"icon\"><img src='https:\/\/lopezaso.com\/web\/wp-content\/uploads\/2017\/06\/Financial-Law-1.png' alt='Financial-Law' title='Financial-Law'><\/div><div class=\"data\"><h4>Empresa Constructora<\/h4><p>Asesoriamiento especializado a empresas constructoras de edificios para <\/p><\/div>\n                                     \t<\/div>\n                                     \t<\/a>\n                                 \t\t<\/div>\n                                 \t\t<!-- areas-of-practise-item -->\n                             \t\t\t<\/div> <div class=\"col-lg-3 col-md-3 col-sm-6 col-xs-12\">\n                                            <!-- areas-of-practise-item -->\n                                            <div class=\"areas-of-practise-item\">\n                                                <a href=\"https:\/\/lopezaso.com\/web\/practice-areas\/property-law\/\">\n                                                <div class=\"holder matchHeight\">\t<div class=\"icon\"><img src='https:\/\/lopezaso.com\/web\/wp-content\/uploads\/2017\/06\/Property-Law-1.png' alt='Property-Law' title='Property-Law'><\/div><div class=\"data\"><h4>Entidades sin fines de lucro<\/h4><p>Asesor\u00eda a Entidades Sin Fines de Lucro como fundaciones y asociaciones<\/p><\/div>\n                                     \t<\/div>\n                                     \t<\/a>\n                                 \t\t<\/div>\n                                 \t\t<!-- areas-of-practise-item -->\n                             \t\t\t<\/div> <div class=\"col-lg-3 col-md-3 col-sm-6 col-xs-12\">\n                                            <!-- areas-of-practise-item -->\n                                            <div class=\"areas-of-practise-item\">\n                                                <a href=\"https:\/\/lopezaso.com\/web\/practice-areas\/fire-accident-3\/\">\n                                                <div class=\"holder matchHeight\">\t<div class=\"icon\"><img src='https:\/\/lopezaso.com\/web\/wp-content\/uploads\/2017\/06\/Fire-Accident-1.png' alt='Fire-Accident' title='Fire-Accident'><\/div><div class=\"data\"><h4>Regimen Copropietario<\/h4><p>Asesoriamiento en la constitucion de la Asociaciones de Copropietarios y<\/p><\/div>\n                                     \t<\/div>\n                                     \t<\/a>\n                                 \t\t<\/div>\n                                 \t\t<!-- areas-of-practise-item -->\n                             \t\t\t<\/div><\/div><!-- areas-of-practise -->[\/vc_column][\/vc_row]<\/p>\n","protected":false},"excerpt":{"rendered":"<p>[vc_row full_width=&#8221;stretch_row&#8221; css=&#8221;.vc_custom_1601431773191{margin-top: 0px !important;margin-bottom: 0px !important;padding-top: 60px !important;padding-bottom: 40px !important;background-color: #ffffff !important;}&#8221; el_id=&#8221;servicios&#8221;][vc_column css=&#8221;.vc_custom_1496743058962{padding-top: 0px !important;padding-bottom: 0px !important;}&#8221;][vc_custom_heading text=&#8221;Area de Servicio&#8221; font_container=&#8221;tag:h3|font_size:30px|text_align:center|line_height:40px&#8221; use_theme_fonts=&#8221;yes&#8221; css=&#8221;.vc_custom_1601650354886{margin-top: 0px !important;margin-bottom: 14px !important;}&#8221;][vc_single_image image=&#8221;1323&#8243; img_size=&#8221;full&#8221; alignment=&#8221;center&#8221; css=&#8221;.vc_custom_1512627163538{margin-top: 0px !important;margin-bottom: 0px !important;padding-top: 0px !important;padding-bottom: 0px !important;}&#8221;][vc_column_text css=&#8221;.vc_custom_1601650336802{margin-top: 0px !important;margin-bottom: 40px !important;}&#8221; el_class=&#8221;home-welcome-text&#8221;] Cada cliente es \u00fanico y sus problemas jur\u00eddicos [&hellip;]<\/p>\n","protected":false},"author":1,"featured_media":0,"parent":0,"menu_order":0,"comment_status":"closed","ping_status":"closed","template":"","meta":[],"_links":{"self":[{"href":"https:\/\/lopezaso.com\/web\/wp-json\/wp\/v2\/pages\/1576"}],"collection":[{"href":"https:\/\/lopezaso.com\/web\/wp-json\/wp\/v2\/pages"}],"about":[{"href":"https:\/\/lopezaso.com\/web\/wp-json\/wp\/v2\/types\/page"}],"author":[{"embeddable":true,"href":"https:\/\/lopezaso.com\/web\/wp-json\/wp\/v2\/users\/1"}],"replies":[{"embeddable":true,"href":"https:\/\/lopezaso.com\/web\/wp-json\/wp\/v2\/comments?post=1576"}],"version-history":[{"count":5,"href":"https:\/\/lopezaso.com\/web\/wp-json\/wp\/v2\/pages\/1576\/revisions"}],"predecessor-version":[{"id":1776,"href":"https:\/\/lopezaso.com\/web\/wp-json\/wp\/v2\/pages\/1576\/revisions\/1776"}],"wp:attachment":[{"href":"https:\/\/lopezaso.com\/web\/wp-json\/wp\/v2\/media?parent=1576"}],"curies":[{"name":"wp","href":"https:\/\/api.w.org\/{rel}","templated":true}]}}